{"id":8535,"date":"2022-06-21T14:54:31","date_gmt":"2022-06-21T12:54:31","guid":{"rendered":"https:\/\/www.2wcom.com\/mitgliedschaften\/"},"modified":"2023-10-03T22:27:27","modified_gmt":"2023-10-03T20:27:27","slug":"mitgliedschaften","status":"publish","type":"page","link":"https:\/\/www.2wcom.com\/de\/mitgliedschaften\/","title":{"rendered":"Mitgliedschaften"},"content":{"rendered":"\t\t<div data-elementor-type=\"wp-page\" data-elementor-id=\"8535\" class=\"elementor elementor-8535 elementor-5438\" data-elementor-settings=\"{&quot;ha_cmc_init_switcher&quot;:&quot;no&quot;}\" data-elementor-post-type=\"page\">\n\t\t\t\t\t\t<section class=\"elementor-section elementor-top-section elementor-element elementor-element-c1274b1 elementor-section-height-min-height elementor-section-boxed elementor-section-height-default elementor-section-items-middle\" data-id=\"c1274b1\" data-element_type=\"section\" data-e-type=\"section\" data-settings=\"{&quot;background_background&quot;:&quot;classic&quot;,&quot;shape_divider_bottom&quot;:&quot;curve-asymmetrical&quot;,&quot;shape_divider_bottom_negative&quot;:&quot;yes&quot;,&quot;_ha_eqh_enable&quot;:false}\">\n\t\t\t\t\t<div class=\"elementor-shape elementor-shape-bottom\" aria-hidden=\"true\" data-negative=\"true\">\n\t\t\t<svg xmlns=\"http:\/\/www.w3.org\/2000\/svg\" viewBox=\"0 0 1000 100\" preserveAspectRatio=\"none\">\n\t<path class=\"elementor-shape-fill\" d=\"M615.2,96.7C240.2,97.8,0,18.9,0,0v100h1000V0C1000,19.2,989.8,96,615.2,96.7z\"\/>\n<\/svg>\t\t<\/div>\n\t\t\t\t\t<div class=\"elementor-container elementor-column-gap-default\">\n\t\t\t\t\t<div class=\"elementor-column elementor-col-50 elementor-top-column elementor-element elementor-element-bf6671c\" data-id=\"bf6671c\" data-element_type=\"column\" data-e-type=\"column\">\n\t\t\t<div class=\"elementor-widget-wrap elementor-element-populated\">\n\t\t\t\t\t\t<div class=\"elementor-element elementor-element-8eadb9a my-heading elementor-widget elementor-widget-heading\" data-id=\"8eadb9a\" data-element_type=\"widget\" data-e-type=\"widget\" data-widget_type=\"heading.default\">\n\t\t\t\t<div class=\"elementor-widget-container\">\n\t\t\t\t\t<h1 class=\"elementor-heading-title elementor-size-default\">Mitgliedschaften<\/h1>\t\t\t\t<\/div>\n\t\t\t\t<\/div>\n\t\t\t\t<div class=\"elementor-element elementor-element-3e110f6 my-heading2 elementor-widget elementor-widget-heading\" data-id=\"3e110f6\" data-element_type=\"widget\" data-e-type=\"widget\" data-widget_type=\"heading.default\">\n\t\t\t\t<div class=\"elementor-widget-container\">\n\t\t\t\t\t<h2 class=\"elementor-heading-title elementor-size-default\">Internationale Gremien &amp; Foren<\/h2>\t\t\t\t<\/div>\n\t\t\t\t<\/div>\n\t\t\t\t\t<\/div>\n\t\t<\/div>\n\t\t\t\t<div class=\"elementor-column elementor-col-50 elementor-top-column elementor-element elementor-element-32da7cf\" data-id=\"32da7cf\" data-element_type=\"column\" data-e-type=\"column\">\n\t\t\t<div class=\"elementor-widget-wrap\">\n\t\t\t\t\t\t\t<\/div>\n\t\t<\/div>\n\t\t\t\t\t<\/div>\n\t\t<\/section>\n\t\t\t\t<section class=\"elementor-section elementor-top-section elementor-element elementor-element-72425ad elementor-section-boxed elementor-section-height-default elementor-section-height-default\" data-id=\"72425ad\" data-element_type=\"section\" data-e-type=\"section\" data-settings=\"{&quot;_ha_eqh_enable&quot;:false}\">\n\t\t\t\t\t\t<div class=\"elementor-container elementor-column-gap-default\">\n\t\t\t\t\t<div class=\"elementor-column elementor-col-100 elementor-top-column elementor-element elementor-element-0ad889c\" data-id=\"0ad889c\" data-element_type=\"column\" data-e-type=\"column\">\n\t\t\t<div class=\"elementor-widget-wrap elementor-element-populated\">\n\t\t\t\t\t\t<div class=\"elementor-element elementor-element-69f2f6b elementor-widget elementor-widget-heading\" data-id=\"69f2f6b\" data-element_type=\"widget\" data-e-type=\"widget\" data-widget_type=\"heading.default\">\n\t\t\t\t<div class=\"elementor-widget-container\">\n\t\t\t\t\t<h2 class=\"elementor-heading-title elementor-size-default\">WorldDAB \u2013 Das globale Branchenforum f\u00fcr DAB-Digitalradio<\/h2>\t\t\t\t<\/div>\n\t\t\t\t<\/div>\n\t\t\t\t<div class=\"elementor-element elementor-element-87a3b20 elementor-widget elementor-widget-text-editor\" data-id=\"87a3b20\" data-element_type=\"widget\" data-e-type=\"widget\" data-widget_type=\"text-editor.default\">\n\t\t\t\t<div class=\"elementor-widget-container\">\n\t\t\t\t\t\t\t\t\t<p>WorldDAB ist das globale Branchenforum f\u00fcr Digitalradio, das die Annahme und Implementierung von digitalem Rundfunk auf Basis von DAB \/ DAB+ erleichtert. WorldDAB ber\u00e4t und unterst\u00fctzt in allen Aspekten der Umstellung von analogem auf digitales Radio, einschlie\u00dflich Regulierung, Lizenzierung, technische Tests, Netzausbau, Marketing und Produktion neuer digitaler Radioinhalte.<\/p>\n\t\t\t\t\t\t\t\t<\/div>\n\t\t\t\t<\/div>\n\t\t\t\t<div class=\"elementor-element elementor-element-cfaed44 elementor-widget elementor-widget-image\" data-id=\"cfaed44\" data-element_type=\"widget\" data-e-type=\"widget\" data-widget_type=\"image.default\">\n\t\t\t\t<div class=\"elementor-widget-container\">\n\t\t\t\t\t\t\t\t\t\t\t\t\t\t\t\t<a href=\"https:\/\/www.worlddab.org\/\" target=\"_blank\" rel=\"nofollow noopener\">\n\t\t\t\t\t\t\t<img decoding=\"async\" width=\"300\" height=\"78\" src=\"https:\/\/www.2wcom.com\/wp-content\/uploads\/WorldDAB_LOGO_RGB-2-300x78.jpg\" class=\"attachment-medium size-medium wp-image-4644\" alt=\"\" srcset=\"https:\/\/www.2wcom.com\/wp-content\/uploads\/WorldDAB_LOGO_RGB-2-300x78.jpg 300w, https:\/\/www.2wcom.com\/wp-content\/uploads\/WorldDAB_LOGO_RGB-2-1024x267.jpg 1024w, https:\/\/www.2wcom.com\/wp-content\/uploads\/WorldDAB_LOGO_RGB-2-768x200.jpg 768w, https:\/\/www.2wcom.com\/wp-content\/uploads\/WorldDAB_LOGO_RGB-2-1536x400.jpg 1536w, https:\/\/www.2wcom.com\/wp-content\/uploads\/WorldDAB_LOGO_RGB-2-810x211.jpg 810w, https:\/\/www.2wcom.com\/wp-content\/uploads\/WorldDAB_LOGO_RGB-2-1140x297.jpg 1140w, https:\/\/www.2wcom.com\/wp-content\/uploads\/WorldDAB_LOGO_RGB-2.jpg 1811w\" sizes=\"(max-width: 300px) 100vw, 300px\" \/>\t\t\t\t\t\t\t\t<\/a>\n\t\t\t\t\t\t\t\t\t\t\t\t\t\t\t<\/div>\n\t\t\t\t<\/div>\n\t\t\t\t<div class=\"elementor-element elementor-element-ac40468 elementor-widget-divider--view-line elementor-widget elementor-widget-divider\" data-id=\"ac40468\" data-element_type=\"widget\" data-e-type=\"widget\" data-widget_type=\"divider.default\">\n\t\t\t\t<div class=\"elementor-widget-container\">\n\t\t\t\t\t\t\t<div class=\"elementor-divider\">\n\t\t\t<span class=\"elementor-divider-separator\">\n\t\t\t\t\t\t<\/span>\n\t\t<\/div>\n\t\t\t\t\t\t<\/div>\n\t\t\t\t<\/div>\n\t\t\t\t<div class=\"elementor-element elementor-element-138600a elementor-widget elementor-widget-heading\" data-id=\"138600a\" data-element_type=\"widget\" data-e-type=\"widget\" data-widget_type=\"heading.default\">\n\t\t\t\t<div class=\"elementor-widget-container\">\n\t\t\t\t\t<h2 class=\"elementor-heading-title elementor-size-default\">IABM: Der Internationale Handelsverband f\u00fcr die Rundfunk- und Medienindustrie\n<\/h2>\t\t\t\t<\/div>\n\t\t\t\t<\/div>\n\t\t\t\t<div class=\"elementor-element elementor-element-450e456 elementor-widget elementor-widget-text-editor\" data-id=\"450e456\" data-element_type=\"widget\" data-e-type=\"widget\" data-widget_type=\"text-editor.default\">\n\t\t\t\t<div class=\"elementor-widget-container\">\n\t\t\t\t\t\t\t\t\t<p>Die IABM fungiert als ma\u00dfgebende Stimme f\u00fcr die Rundfunk- und Medienbranche und erleichtert die \u00fcberaus wichtige Vernetzung und Interaktion, die das einzigartige \u00d6kosystem der Rundfunk- und Medientechnologiebranche formen und definieren. Ihre Mitgliedschaft stellt sicher, dass Sie auf dem Laufenden bleiben, indem sie eine gut etablierte Infrastruktur von Dienstleistungen und Einrichtungen bereitstellt, um Diskussionen und Zusammenarbeit in der gesamten IABM-Lieferkette zu f\u00f6rdern.<\/p>\n\t\t\t\t\t\t\t\t<\/div>\n\t\t\t\t<\/div>\n\t\t\t\t<div class=\"elementor-element elementor-element-a9659ff elementor-widget elementor-widget-image\" data-id=\"a9659ff\" data-element_type=\"widget\" data-e-type=\"widget\" data-widget_type=\"image.default\">\n\t\t\t\t<div class=\"elementor-widget-container\">\n\t\t\t\t\t\t\t\t\t\t\t\t\t\t\t\t<a href=\"https:\/\/theiabm.org\/\" target=\"_blank\" rel=\"nofollow noopener\">\n\t\t\t\t\t\t\t<img fetchpriority=\"high\" decoding=\"async\" width=\"332\" height=\"184\" src=\"https:\/\/www.2wcom.com\/wp-content\/uploads\/iabm_silver_logo.png\" class=\"attachment-full size-full wp-image-5096\" alt=\"\" srcset=\"https:\/\/www.2wcom.com\/wp-content\/uploads\/iabm_silver_logo.png 332w, https:\/\/www.2wcom.com\/wp-content\/uploads\/iabm_silver_logo-300x166.png 300w\" sizes=\"(max-width: 332px) 100vw, 332px\" \/>\t\t\t\t\t\t\t\t<\/a>\n\t\t\t\t\t\t\t\t\t\t\t\t\t\t\t<\/div>\n\t\t\t\t<\/div>\n\t\t\t\t<div class=\"elementor-element elementor-element-f940e1d elementor-widget-divider--view-line elementor-widget elementor-widget-divider\" data-id=\"f940e1d\" data-element_type=\"widget\" data-e-type=\"widget\" data-widget_type=\"divider.default\">\n\t\t\t\t<div class=\"elementor-widget-container\">\n\t\t\t\t\t\t\t<div class=\"elementor-divider\">\n\t\t\t<span class=\"elementor-divider-separator\">\n\t\t\t\t\t\t<\/span>\n\t\t<\/div>\n\t\t\t\t\t\t<\/div>\n\t\t\t\t<\/div>\n\t\t\t\t<div class=\"elementor-element elementor-element-40aebf7 elementor-widget elementor-widget-heading\" data-id=\"40aebf7\" data-element_type=\"widget\" data-e-type=\"widget\" data-widget_type=\"heading.default\">\n\t\t\t\t<div class=\"elementor-widget-container\">\n\t\t\t\t\t<h2 class=\"elementor-heading-title elementor-size-default\">EBU \u2013 Audio contribution over IP (ACIP)\n<\/h2>\t\t\t\t<\/div>\n\t\t\t\t<\/div>\n\t\t\t\t<div class=\"elementor-element elementor-element-9d4b640 elementor-widget elementor-widget-text-editor\" data-id=\"9d4b640\" data-element_type=\"widget\" data-e-type=\"widget\" data-widget_type=\"text-editor.default\">\n\t\t\t\t<div class=\"elementor-widget-container\">\n\t\t\t\t\t\t\t\t\t<p>Um qualitativ hochwertige Audio-Feeds \u00fcber das Internet zu liefern, verlassen sich die Sender auf das Streaming von Audio \u00fcber IP-Netzwerke. Um Qualit\u00e4t und Zuverl\u00e4ssigkeit \u00fcber IP zu gew\u00e4hrleisten, m\u00fcssen Sender eine Reihe von Faktoren ber\u00fccksichtigen, darunter: Vorw\u00e4rtsfehlerkorrektur, Diversit\u00e4t, geringe Latenz, Fehlerkorrektur, Redundanz und robuste Codierung\/Decodierung. Die meisten gewerblichen Geb\u00e4ude verf\u00fcgen jetzt \u00fcber Ethernet-Verkabelung, sodass es einfacher ist, IP-Verbindungen herzustellen. Es ist jedoch entscheidend, dass die Sender sicherstellen, dass ihr Anbieter sich der Dienstqualit\u00e4t bewusst ist, die f\u00fcr TV-Verbindungen in Beitragsqualit\u00e4t erforderlich ist | <a href=\"https:\/\/tech.ebu.ch\/groups\/nacip\" target=\"_blank\" rel=\"noopener\">mehr..<\/a><\/p>\n\t\t\t\t\t\t\t\t<\/div>\n\t\t\t\t<\/div>\n\t\t\t\t<div class=\"elementor-element elementor-element-3a0649e elementor-widget elementor-widget-image\" data-id=\"3a0649e\" data-element_type=\"widget\" data-e-type=\"widget\" data-widget_type=\"image.default\">\n\t\t\t\t<div class=\"elementor-widget-container\">\n\t\t\t\t\t\t\t\t\t\t\t\t\t\t\t\t<a href=\"https:\/\/tech.ebu.ch\/groups\/nacip\" target=\"_blank\" rel=\"nofollow noopener\">\n\t\t\t\t\t\t\t<img decoding=\"async\" width=\"286\" height=\"61\" src=\"https:\/\/www.2wcom.com\/wp-content\/uploads\/ebu-logo.png\" class=\"attachment-full size-full wp-image-3521\" alt=\"\" \/>\t\t\t\t\t\t\t\t<\/a>\n\t\t\t\t\t\t\t\t\t\t\t\t\t\t\t<\/div>\n\t\t\t\t<\/div>\n\t\t\t\t<div class=\"elementor-element elementor-element-d37079f elementor-widget-divider--view-line elementor-widget elementor-widget-divider\" data-id=\"d37079f\" data-element_type=\"widget\" data-e-type=\"widget\" data-widget_type=\"divider.default\">\n\t\t\t\t<div class=\"elementor-widget-container\">\n\t\t\t\t\t\t\t<div class=\"elementor-divider\">\n\t\t\t<span class=\"elementor-divider-separator\">\n\t\t\t\t\t\t<\/span>\n\t\t<\/div>\n\t\t\t\t\t\t<\/div>\n\t\t\t\t<\/div>\n\t\t\t\t<div class=\"elementor-element elementor-element-fbe1b2e elementor-widget elementor-widget-heading\" data-id=\"fbe1b2e\" data-element_type=\"widget\" data-e-type=\"widget\" data-widget_type=\"heading.default\">\n\t\t\t\t<div class=\"elementor-widget-container\">\n\t\t\t\t\t<h2 class=\"elementor-heading-title elementor-size-default\">RAVENNA \u2013 Der offene Standard f\u00fcr Echtzeitmedien \u00fcber IP\n<\/h2>\t\t\t\t<\/div>\n\t\t\t\t<\/div>\n\t\t\t\t<div class=\"elementor-element elementor-element-38392f4 elementor-widget elementor-widget-text-editor\" data-id=\"38392f4\" data-element_type=\"widget\" data-e-type=\"widget\" data-widget_type=\"text-editor.default\">\n\t\t\t\t<div class=\"elementor-widget-container\">\n\t\t\t\t\t\t\t\t\t<p>Livewire+ ist die bahnbrechende Technologie, die von der Telos Alliance entwickelt wurde, um verz\u00f6gerungsarmes, hochzuverl\u00e4ssiges Audio \u00fcber Switched Ethernet zu \u00fcbertragen.<\/p>\n\t\t\t\t\t\t\t\t<\/div>\n\t\t\t\t<\/div>\n\t\t\t\t<div class=\"elementor-element elementor-element-f9601da elementor-widget elementor-widget-image\" data-id=\"f9601da\" data-element_type=\"widget\" data-e-type=\"widget\" data-widget_type=\"image.default\">\n\t\t\t\t<div class=\"elementor-widget-container\">\n\t\t\t\t\t\t\t\t\t\t\t\t\t\t\t\t<a href=\"https:\/\/www.ravenna-network.com\/\" target=\"_blank\" rel=\"nofollow noopener\">\n\t\t\t\t\t\t\t<img loading=\"lazy\" decoding=\"async\" width=\"196\" height=\"65\" src=\"https:\/\/www.2wcom.com\/wp-content\/uploads\/logo_ravenna.jpg\" class=\"attachment-full size-full wp-image-3490\" alt=\"\" \/>\t\t\t\t\t\t\t\t<\/a>\n\t\t\t\t\t\t\t\t\t\t\t\t\t\t\t<\/div>\n\t\t\t\t<\/div>\n\t\t\t\t<div class=\"elementor-element elementor-element-792124c elementor-widget-divider--view-line elementor-widget elementor-widget-divider\" data-id=\"792124c\" data-element_type=\"widget\" data-e-type=\"widget\" data-widget_type=\"divider.default\">\n\t\t\t\t<div class=\"elementor-widget-container\">\n\t\t\t\t\t\t\t<div class=\"elementor-divider\">\n\t\t\t<span class=\"elementor-divider-separator\">\n\t\t\t\t\t\t<\/span>\n\t\t<\/div>\n\t\t\t\t\t\t<\/div>\n\t\t\t\t<\/div>\n\t\t\t\t<div class=\"elementor-element elementor-element-bf85723 elementor-widget elementor-widget-heading\" data-id=\"bf85723\" data-element_type=\"widget\" data-e-type=\"widget\" data-widget_type=\"heading.default\">\n\t\t\t\t<div class=\"elementor-widget-container\">\n\t\t\t\t\t<h2 class=\"elementor-heading-title elementor-size-default\">Livewire+ \u2013 Das fortschrittlichste AoIP-Networking der Welt<\/h2>\t\t\t\t<\/div>\n\t\t\t\t<\/div>\n\t\t\t\t<div class=\"elementor-element elementor-element-59de329 elementor-widget elementor-widget-text-editor\" data-id=\"59de329\" data-element_type=\"widget\" data-e-type=\"widget\" data-widget_type=\"text-editor.default\">\n\t\t\t\t<div class=\"elementor-widget-container\">\n\t\t\t\t\t\t\t\t\t<p>RAVENNA ist eine offene L\u00f6sung zur \u00dcbertragung von Audio \u00fcber IP. RAVENNA wurde entwickelt, um die anspruchsvollen Standards der Broadcast-Branche zu erf\u00fcllen, und liefert hochwertiges Mehrkanal-Audio \u00fcber ein Standard-IT-Netzwerk.<\/p>\n\t\t\t\t\t\t\t\t<\/div>\n\t\t\t\t<\/div>\n\t\t\t\t<div class=\"elementor-element elementor-element-2827de1 elementor-widget elementor-widget-image\" data-id=\"2827de1\" data-element_type=\"widget\" data-e-type=\"widget\" data-widget_type=\"image.default\">\n\t\t\t\t<div class=\"elementor-widget-container\">\n\t\t\t\t\t\t\t\t\t\t\t\t\t\t\t\t<a href=\"https:\/\/www.telosalliance.com\/Axia\/Livewire-AoIP-Networking\" target=\"_blank\" rel=\"nofollow noopener\">\n\t\t\t\t\t\t\t<img loading=\"lazy\" decoding=\"async\" width=\"1000\" height=\"396\" src=\"https:\/\/www.2wcom.com\/wp-content\/uploads\/Livewire-PLUS-logo-cn.png\" class=\"attachment-full size-full wp-image-3520\" alt=\"\" srcset=\"https:\/\/www.2wcom.com\/wp-content\/uploads\/Livewire-PLUS-logo-cn.png 1000w, https:\/\/www.2wcom.com\/wp-content\/uploads\/Livewire-PLUS-logo-cn-300x119.png 300w, https:\/\/www.2wcom.com\/wp-content\/uploads\/Livewire-PLUS-logo-cn-768x304.png 768w, https:\/\/www.2wcom.com\/wp-content\/uploads\/Livewire-PLUS-logo-cn-810x321.png 810w\" sizes=\"(max-width: 1000px) 100vw, 1000px\" \/>\t\t\t\t\t\t\t\t<\/a>\n\t\t\t\t\t\t\t\t\t\t\t\t\t\t\t<\/div>\n\t\t\t\t<\/div>\n\t\t\t\t<div class=\"elementor-element elementor-element-1021bda elementor-widget-divider--view-line elementor-widget elementor-widget-divider\" data-id=\"1021bda\" data-element_type=\"widget\" data-e-type=\"widget\" data-widget_type=\"divider.default\">\n\t\t\t\t<div class=\"elementor-widget-container\">\n\t\t\t\t\t\t\t<div class=\"elementor-divider\">\n\t\t\t<span class=\"elementor-divider-separator\">\n\t\t\t\t\t\t<\/span>\n\t\t<\/div>\n\t\t\t\t\t\t<\/div>\n\t\t\t\t<\/div>\n\t\t\t\t<div class=\"elementor-element elementor-element-71f510a elementor-widget elementor-widget-heading\" data-id=\"71f510a\" data-element_type=\"widget\" data-e-type=\"widget\" data-widget_type=\"heading.default\">\n\t\t\t\t<div class=\"elementor-widget-container\">\n\t\t\t\t\t<h2 class=\"elementor-heading-title elementor-size-default\">RDS Forum\n<\/h2>\t\t\t\t<\/div>\n\t\t\t\t<\/div>\n\t\t\t\t<div class=\"elementor-element elementor-element-91e5ef9 elementor-widget elementor-widget-text-editor\" data-id=\"91e5ef9\" data-element_type=\"widget\" data-e-type=\"widget\" data-widget_type=\"text-editor.default\">\n\t\t\t\t<div class=\"elementor-widget-container\">\n\t\t\t\t\t\t\t\t\t<p>2wcom ist seit 1996 Mitglied des RDS-Forums: <br \/>Das RDS Forum ist eine weltweite Vereinigung professioneller Anwender der RDS-Technologie. Die Mitglieder sind Vertreter von Rundfunkveranstaltern, Herstellern von Empfangsger\u00e4ten und professionellen Ger\u00e4ten, \u00dcbertragungsnetzbetreibern, Datendiensteanbietern, Berufsverb\u00e4nden und Regulierungsbeh\u00f6rden. <\/p>\n\t\t\t\t\t\t\t\t<\/div>\n\t\t\t\t<\/div>\n\t\t\t\t<div class=\"elementor-element elementor-element-f69b6d6 elementor-widget elementor-widget-image\" data-id=\"f69b6d6\" data-element_type=\"widget\" data-e-type=\"widget\" data-widget_type=\"image.default\">\n\t\t\t\t<div class=\"elementor-widget-container\">\n\t\t\t\t\t\t\t\t\t\t\t\t\t\t\t\t<a href=\"http:\/\/www.rds.org.uk\/\" target=\"_blank\" rel=\"nofollow noopener\">\n\t\t\t\t\t\t\t<img loading=\"lazy\" decoding=\"async\" width=\"226\" height=\"82\" src=\"https:\/\/www.2wcom.com\/wp-content\/uploads\/logo-rds.png\" class=\"attachment-full size-full wp-image-3386\" alt=\"\" \/>\t\t\t\t\t\t\t\t<\/a>\n\t\t\t\t\t\t\t\t\t\t\t\t\t\t\t<\/div>\n\t\t\t\t<\/div>\n\t\t\t\t<div class=\"elementor-element elementor-element-b012ddc elementor-widget-divider--view-line elementor-widget elementor-widget-divider\" data-id=\"b012ddc\" data-element_type=\"widget\" data-e-type=\"widget\" data-widget_type=\"divider.default\">\n\t\t\t\t<div class=\"elementor-widget-container\">\n\t\t\t\t\t\t\t<div class=\"elementor-divider\">\n\t\t\t<span class=\"elementor-divider-separator\">\n\t\t\t\t\t\t<\/span>\n\t\t<\/div>\n\t\t\t\t\t\t<\/div>\n\t\t\t\t<\/div>\n\t\t\t\t<div class=\"elementor-element elementor-element-2c99868 elementor-widget elementor-widget-heading\" data-id=\"2c99868\" data-element_type=\"widget\" data-e-type=\"widget\" data-widget_type=\"heading.default\">\n\t\t\t\t<div class=\"elementor-widget-container\">\n\t\t\t\t\t<h2 class=\"elementor-heading-title elementor-size-default\">DiWiSH: Cluster management Digitale Wirtschaft Schleswig-Holstein\n\n<\/h2>\t\t\t\t<\/div>\n\t\t\t\t<\/div>\n\t\t\t\t<div class=\"elementor-element elementor-element-2349d7a elementor-widget elementor-widget-text-editor\" data-id=\"2349d7a\" data-element_type=\"widget\" data-e-type=\"widget\" data-widget_type=\"text-editor.default\">\n\t\t\t\t<div class=\"elementor-widget-container\">\n\t\t\t\t\t\t\t\t\t<p>Das Clustermanagement \u201eDigitale Wirtschaft Schleswig-Holstein\u201c (DiWiSH) ist ein Netzwerk f\u00fcr alle kleinen und mittelst\u00e4ndischen Unternehmen aus den Bereichen IT, Medien und Design in der Region zwischen Nord- und Ostsee. Seit 2006 arbeitet der Verein eng mit der Wirtschaftsf\u00f6rderung und Technologietransfer Schleswig-Holstein GmbH (WTSH) zusammen.<\/p>\n\t\t\t\t\t\t\t\t<\/div>\n\t\t\t\t<\/div>\n\t\t\t\t<div class=\"elementor-element elementor-element-a6277bf elementor-widget elementor-widget-image\" data-id=\"a6277bf\" data-element_type=\"widget\" data-e-type=\"widget\" data-widget_type=\"image.default\">\n\t\t\t\t<div class=\"elementor-widget-container\">\n\t\t\t\t\t\t\t\t\t\t\t\t\t\t\t\t<a href=\"https:\/\/www.diwish.de\/\" target=\"_blank\" rel=\"nofollow noopener\">\n\t\t\t\t\t\t\t<img loading=\"lazy\" decoding=\"async\" width=\"300\" height=\"137\" src=\"https:\/\/www.2wcom.com\/wp-content\/uploads\/Diwish_logo-300x137.png\" class=\"attachment-medium size-medium wp-image-5095\" alt=\"DiWiSH logo\" srcset=\"https:\/\/www.2wcom.com\/wp-content\/uploads\/Diwish_logo-300x137.png 300w, https:\/\/www.2wcom.com\/wp-content\/uploads\/Diwish_logo-1024x469.png 1024w, https:\/\/www.2wcom.com\/wp-content\/uploads\/Diwish_logo-768x352.png 768w, https:\/\/www.2wcom.com\/wp-content\/uploads\/Diwish_logo-1536x704.png 1536w, https:\/\/www.2wcom.com\/wp-content\/uploads\/Diwish_logo-2048x938.png 2048w, https:\/\/www.2wcom.com\/wp-content\/uploads\/Diwish_logo-810x371.png 810w, https:\/\/www.2wcom.com\/wp-content\/uploads\/Diwish_logo-1140x522.png 1140w\" sizes=\"(max-width: 300px) 100vw, 300px\" \/>\t\t\t\t\t\t\t\t<\/a>\n\t\t\t\t\t\t\t\t\t\t\t\t\t\t\t<\/div>\n\t\t\t\t<\/div>\n\t\t\t\t<div class=\"elementor-element elementor-element-2233030 elementor-widget-divider--view-line elementor-widget elementor-widget-divider\" data-id=\"2233030\" data-element_type=\"widget\" data-e-type=\"widget\" data-widget_type=\"divider.default\">\n\t\t\t\t<div class=\"elementor-widget-container\">\n\t\t\t\t\t\t\t<div class=\"elementor-divider\">\n\t\t\t<span class=\"elementor-divider-separator\">\n\t\t\t\t\t\t<\/span>\n\t\t<\/div>\n\t\t\t\t\t\t<\/div>\n\t\t\t\t<\/div>\n\t\t\t\t<div class=\"elementor-element elementor-element-4f34709 elementor-widget elementor-widget-heading\" data-id=\"4f34709\" data-element_type=\"widget\" data-e-type=\"widget\" data-widget_type=\"heading.default\">\n\t\t\t\t<div class=\"elementor-widget-container\">\n\t\t\t\t\t<h2 class=\"elementor-heading-title elementor-size-default\">SADIBA \u2013 Southern African Digital Broadcasting Association\n\n<\/h2>\t\t\t\t<\/div>\n\t\t\t\t<\/div>\n\t\t\t\t<div class=\"elementor-element elementor-element-990c068 elementor-widget elementor-widget-text-editor\" data-id=\"990c068\" data-element_type=\"widget\" data-e-type=\"widget\" data-widget_type=\"text-editor.default\">\n\t\t\t\t<div class=\"elementor-widget-container\">\n\t\t\t\t\t\t\t\t\t<p>SADIBA (Southern African Digital Broadcasting Association) ist ein freiwilliges Industrieforum, das sich der F\u00f6rderung der koordinierten marktgesteuerten Einf\u00fchrung digitaler Rundfunktechnologien in der Region S\u00fcdafrika verschrieben hat.<\/p>\n\t\t\t\t\t\t\t\t<\/div>\n\t\t\t\t<\/div>\n\t\t\t\t<div class=\"elementor-element elementor-element-9ea28f2 elementor-widget elementor-widget-image\" data-id=\"9ea28f2\" data-element_type=\"widget\" data-e-type=\"widget\" data-widget_type=\"image.default\">\n\t\t\t\t<div class=\"elementor-widget-container\">\n\t\t\t\t\t\t\t\t\t\t\t\t\t\t\t\t<a href=\"https:\/\/www.sadiba.org\/index.php\/en\/\" target=\"_blank\" rel=\"nofollow noopener\">\n\t\t\t\t\t\t\t<img loading=\"lazy\" decoding=\"async\" width=\"84\" height=\"96\" src=\"https:\/\/www.2wcom.com\/wp-content\/uploads\/logo-sadiba.jpg\" class=\"attachment-medium size-medium wp-image-3441\" alt=\"\" \/>\t\t\t\t\t\t\t\t<\/a>\n\t\t\t\t\t\t\t\t\t\t\t\t\t\t\t<\/div>\n\t\t\t\t<\/div>\n\t\t\t\t\t<\/div>\n\t\t<\/div>\n\t\t\t\t\t<\/div>\n\t\t<\/section>\n\t\t\t\t<\/div>\n\t\t","protected":false},"excerpt":{"rendered":"<p>Mitgliedschaften Internationale Gremien &amp; Foren WorldDAB \u2013 Das globale Branchenforum f\u00fcr DAB-Digitalradio WorldDAB ist das globale Branchenforum f\u00fcr Digitalradio, das die Annahme und Implementierung von digitalem Rundfunk auf Basis von DAB \/ DAB+ erleichtert. WorldDAB ber\u00e4t und unterst\u00fctzt in allen Aspekten der Umstellung von analogem auf digitales Radio, einschlie\u00dflich Regulierung, Lizenzierung, technische Tests, Netzausbau, Marketing [&hellip;]<\/p>\n","protected":false},"author":23,"featured_media":0,"parent":0,"menu_order":40,"comment_status":"closed","ping_status":"closed","template":"elementor_header_footer","meta":{"_acf_changed":false,"content-type":"","footnotes":""},"class_list":["post-8535","page","type-page","status-publish","hentry"],"acf":[],"_links":{"self":[{"href":"https:\/\/www.2wcom.com\/de\/wp-json\/wp\/v2\/pages\/8535","targetHints":{"allow":["GET"]}}],"collection":[{"href":"https:\/\/www.2wcom.com\/de\/wp-json\/wp\/v2\/pages"}],"about":[{"href":"https:\/\/www.2wcom.com\/de\/wp-json\/wp\/v2\/types\/page"}],"author":[{"embeddable":true,"href":"https:\/\/www.2wcom.com\/de\/wp-json\/wp\/v2\/users\/23"}],"replies":[{"embeddable":true,"href":"https:\/\/www.2wcom.com\/de\/wp-json\/wp\/v2\/comments?post=8535"}],"version-history":[{"count":7,"href":"https:\/\/www.2wcom.com\/de\/wp-json\/wp\/v2\/pages\/8535\/revisions"}],"predecessor-version":[{"id":11871,"href":"https:\/\/www.2wcom.com\/de\/wp-json\/wp\/v2\/pages\/8535\/revisions\/11871"}],"wp:attachment":[{"href":"https:\/\/www.2wcom.com\/de\/wp-json\/wp\/v2\/media?parent=8535"}],"curies":[{"name":"wp","href":"https:\/\/api.w.org\/{rel}","templated":true}]}}