{"id":8488,"date":"2022-06-21T10:31:36","date_gmt":"2022-06-21T08:31:36","guid":{"rendered":"https:\/\/www.2wcom.com\/team-2\/"},"modified":"2023-10-03T22:09:50","modified_gmt":"2023-10-03T20:09:50","slug":"team-2","status":"publish","type":"page","link":"https:\/\/www.2wcom.com\/de\/team-2\/","title":{"rendered":"Team"},"content":{"rendered":"\t\t<div data-elementor-type=\"wp-page\" data-elementor-id=\"8488\" class=\"elementor elementor-8488 elementor-5289\" data-elementor-settings=\"{&quot;ha_cmc_init_switcher&quot;:&quot;no&quot;}\" data-elementor-post-type=\"page\">\n\t\t\t\t\t\t<section class=\"elementor-section elementor-top-section elementor-element elementor-element-9ffe88f elementor-section-height-min-height elementor-section-boxed elementor-section-height-default elementor-section-items-middle\" data-id=\"9ffe88f\" data-element_type=\"section\" data-e-type=\"section\" data-settings=\"{&quot;background_background&quot;:&quot;classic&quot;,&quot;_ha_eqh_enable&quot;:false}\">\n\t\t\t\t\t\t<div class=\"elementor-container elementor-column-gap-default\">\n\t\t\t\t\t<div class=\"elementor-column elementor-col-50 elementor-top-column elementor-element elementor-element-6a84ba1\" data-id=\"6a84ba1\" data-element_type=\"column\" data-e-type=\"column\">\n\t\t\t<div class=\"elementor-widget-wrap elementor-element-populated\">\n\t\t\t\t\t\t<div class=\"elementor-element elementor-element-4191f17 my-heading elementor-widget elementor-widget-heading\" data-id=\"4191f17\" data-element_type=\"widget\" data-e-type=\"widget\" data-widget_type=\"heading.default\">\n\t\t\t\t<div class=\"elementor-widget-container\">\n\t\t\t\t\t<h1 class=\"elementor-heading-title elementor-size-default\">Unser Team<\/h1>\t\t\t\t<\/div>\n\t\t\t\t<\/div>\n\t\t\t\t<div class=\"elementor-element elementor-element-3957917 my-heading2 elementor-widget elementor-widget-heading\" data-id=\"3957917\" data-element_type=\"widget\" data-e-type=\"widget\" data-widget_type=\"heading.default\">\n\t\t\t\t<div class=\"elementor-widget-container\">\n\t\t\t\t\t<h2 class=\"elementor-heading-title elementor-size-default\">Bei der 2wcom Systems GmbH<\/h2>\t\t\t\t<\/div>\n\t\t\t\t<\/div>\n\t\t\t\t\t<\/div>\n\t\t<\/div>\n\t\t\t\t<div class=\"elementor-column elementor-col-50 elementor-top-column elementor-element elementor-element-4fa842c\" data-id=\"4fa842c\" data-element_type=\"column\" data-e-type=\"column\">\n\t\t\t<div class=\"elementor-widget-wrap elementor-element-populated\">\n\t\t\t\t\t\t<div class=\"elementor-element elementor-element-f55e762 elementor-widget elementor-widget-text-editor\" data-id=\"f55e762\" data-element_type=\"widget\" data-e-type=\"widget\" data-widget_type=\"text-editor.default\">\n\t\t\t\t<div class=\"elementor-widget-container\">\n\t\t\t\t\t\t\t\t\t<p>Ihr Partner f\u00fcr professionelle Broadcast-Produkte<\/p>\t\t\t\t\t\t\t\t<\/div>\n\t\t\t\t<\/div>\n\t\t\t\t\t<\/div>\n\t\t<\/div>\n\t\t\t\t\t<\/div>\n\t\t<\/section>\n\t\t\t\t<section class=\"elementor-section elementor-top-section elementor-element elementor-element-59efa731 elementor-section-boxed elementor-section-height-default elementor-section-height-default\" data-id=\"59efa731\" data-element_type=\"section\" data-e-type=\"section\" data-settings=\"{&quot;_ha_eqh_enable&quot;:false}\">\n\t\t\t\t\t\t<div class=\"elementor-container elementor-column-gap-default\">\n\t\t\t\t\t<div class=\"elementor-column elementor-col-100 elementor-top-column elementor-element elementor-element-5ad3a530\" data-id=\"5ad3a530\" data-element_type=\"column\" data-e-type=\"column\">\n\t\t\t<div class=\"elementor-widget-wrap elementor-element-populated\">\n\t\t\t\t\t\t<div class=\"elementor-element elementor-element-6697323 elementor-widget elementor-widget-text-editor\" data-id=\"6697323\" data-element_type=\"widget\" data-e-type=\"widget\" data-widget_type=\"text-editor.default\">\n\t\t\t\t<div class=\"elementor-widget-container\">\n\t\t\t\t\t\t\t\t\t<p>Mit mehr als 20 Jahren Erfolgsgeschichte ist 2wcom ein etablierter weltweiter Hersteller und Anbieter von professionellen Broadcast-Produkten in den Bereichen Audio over IP, FM, RDS, DAB, DAB+, DVB-S, DVB-S2. Wir bieten komplette DVB-S\/S2 Audio-\/IP-Satellitensysteml\u00f6sungen \u2013 einschlie\u00dflich professioneller Encoder, Modulatoren und einer \u00e4u\u00dferst zuverl\u00e4ssigen IRD-Produktpalette.<\/p>\n<p>Werner Drews, Gr\u00fcnder von 2wcom, erkl\u00e4rt die Firmenphilosophie wie folgt: <em>\u201eUnser Anspruch ist es, mit zukunftsorientierten Qualit\u00e4tsprodukten zum Gesch\u00e4ftserfolg unserer Kunden beizutragen. Wir entwickeln mit und f\u00fcr unsere Kunden. Alle unsere professionellen und hochwertigen Produkte werden bei 2wcom in Flensburg entwickelt und gefertigt \u2013 Made in Germany.\u201c<\/em><\/p>\t\t\t\t\t\t\t\t<\/div>\n\t\t\t\t<\/div>\n\t\t\t\t<div class=\"elementor-element elementor-element-4e05a78 elementor-widget-divider--view-line elementor-widget elementor-widget-divider\" data-id=\"4e05a78\" data-element_type=\"widget\" data-e-type=\"widget\" data-widget_type=\"divider.default\">\n\t\t\t\t<div class=\"elementor-widget-container\">\n\t\t\t\t\t\t\t<div class=\"elementor-divider\">\n\t\t\t<span class=\"elementor-divider-separator\">\n\t\t\t\t\t\t<\/span>\n\t\t<\/div>\n\t\t\t\t\t\t<\/div>\n\t\t\t\t<\/div>\n\t\t\t\t<div class=\"elementor-element elementor-element-2564357 elementor-tabs-view-vertical elementor-widget elementor-widget-tabs\" data-id=\"2564357\" data-element_type=\"widget\" data-e-type=\"widget\" data-widget_type=\"tabs.default\">\n\t\t\t\t<div class=\"elementor-widget-container\">\n\t\t\t\t\t\t\t<div class=\"elementor-tabs\">\n\t\t\t<div class=\"elementor-tabs-wrapper\" role=\"tablist\" >\n\t\t\t\t\t\t\t\t\t<div id=\"elementor-tab-title-3921\" class=\"elementor-tab-title elementor-tab-desktop-title\" aria-selected=\"true\" data-tab=\"1\" role=\"tab\" tabindex=\"0\" aria-controls=\"elementor-tab-content-3921\" aria-expanded=\"false\">Geschichte \u2192<\/div>\n\t\t\t\t\t\t\t\t\t<div id=\"elementor-tab-title-3922\" class=\"elementor-tab-title elementor-tab-desktop-title\" aria-selected=\"false\" data-tab=\"2\" role=\"tab\" tabindex=\"-1\" aria-controls=\"elementor-tab-content-3922\" aria-expanded=\"false\">Engagements \u2192<\/div>\n\t\t\t\t\t\t\t<\/div>\n\t\t\t<div class=\"elementor-tabs-content-wrapper\" role=\"tablist\" aria-orientation=\"vertical\">\n\t\t\t\t\t\t\t\t\t<div class=\"elementor-tab-title elementor-tab-mobile-title\" aria-selected=\"true\" data-tab=\"1\" role=\"tab\" tabindex=\"0\" aria-controls=\"elementor-tab-content-3921\" aria-expanded=\"false\">Geschichte \u2192<\/div>\n\t\t\t\t\t<div id=\"elementor-tab-content-3921\" class=\"elementor-tab-content elementor-clearfix\" data-tab=\"1\" role=\"tabpanel\" aria-labelledby=\"elementor-tab-title-3921\" tabindex=\"0\" hidden=\"false\"><p>Der ehemalige Rohde &amp; Schwarz-Entwicklungsingenieur Werner Drews \u00fcbernahm 1996 die FM\/RDS-Produktpalette von Rohde &amp; Schwarz. Mit dem Buyout dieses Gesch\u00e4ftsfeldes startete die 2wcom GmbH ihre Technologief\u00fchrerschaft im Bereich FM\/RDS. Die Entwicklung und Produktion der 2wcom-Produkte befindet sich in Schleswig-Holstein\/Deutschland, wo die 2wcom seinen Hauptsitz hat.<\/p>\n<p><strong>01. August 2011:<\/strong> \u00dcbernahme der 2wcom GmbH (2wcom) durch <strong>Wilhelm<\/strong> <strong>Sihn Jr. GmbH &amp; Co. KG (WISI)<\/strong> und Umbenennung in 2wcom Systems GmbH.<\/p>\n<h3>Businessland Schleswig-Holstein<\/h3>\n<p>Die 2wcom Systems GmbH hat ihren Sitz in Flensburg \/ Schleswig-Holstein, dem n\u00f6rdlichsten der sechzehn Bundesl\u00e4nder Deutschlands. Sie wollen mehr \u00fcber aktuelle Nachrichten aus Wirtschaft, Wissenschaft und Technik in Schleswig-Holstein erfahren? <a href=\"https:\/\/wtsh.de\/?lang=en\" target=\"_blank\" rel=\"noopener noreferrer\">www.wtsh.de<\/a> h\u00e4lt Sie \u00fcber das Geschehen im Wirtschaftsland Schleswig-Holstein auf dem Laufenden.<\/p>\n<h3>\u201cTechnologiezentrum Flensburg\u201d<\/h3>\n<p>Seit mehr als 25 Jahren unterst\u00fctzt das <a href=\"http:\/\/www.wireg.de\/\" target=\"_blank\" rel=\"noopener noreferrer\">Technologiezentrum Flensburg<\/a> junge Startups bei der Gr\u00fcndung ihres Unternehmens und stellt erfahrene Berater sowie B\u00fcror\u00e4ume f\u00fcr die ersten Jahre eines Unternehmens zur Verf\u00fcgung. T\u00fcr an T\u00fcr mit anderen Unternehmen zu sitzen bietet vielf\u00e4ltige M\u00f6glichkeiten der Vernetzung und des fachlichen Austauschs in einem kooperativen Umfeld. Junge Unternehmen k\u00f6nnen hier die Grundlagen lernen, um in Zukunft erfolgreich zu sein und in ihrem Markt Fuss zu fassen: So wie 90 Prozent der Unternehmen, die im<a href=\"http:\/\/www.wireg.de\/\" target=\"_blank\" rel=\"noopener noreferrer\">Technologiezentrum Flensburg<\/a> gestartet sind. Die Verbindung von Wirtschaft und Wissenschaft im Rahmen der Innovationsf\u00f6rderung bringt Menschen zusammen und f\u00f6rdert den Technologietransfer. All das spielt sich im <a href=\"http:\/\/www.wireg.de\/\" target=\"_blank\" rel=\"noopener noreferrer\">Technologiezentrum Flensburg <\/a> ab.<\/p><\/p>\n<\/div>\n\t\t\t\t\t\t\t\t\t<div class=\"elementor-tab-title elementor-tab-mobile-title\" aria-selected=\"false\" data-tab=\"2\" role=\"tab\" tabindex=\"-1\" aria-controls=\"elementor-tab-content-3922\" aria-expanded=\"false\">Engagements \u2192<\/div>\n\t\t\t\t\t<div id=\"elementor-tab-content-3922\" class=\"elementor-tab-content elementor-clearfix\" data-tab=\"2\" role=\"tabpanel\" aria-labelledby=\"elementor-tab-title-3922\" tabindex=\"0\" hidden=\"hidden\"><h3>Soziales Engagement und Unterst\u00fctzungen<\/h3>\n<p>2wcom engagiert sich in verschiedenen Projekten mit sportlichem, kulturellem oder p\u00e4dagogischem Hintergrund, um Vereine und Vereine in unserer Region zu unterst\u00fctzen.<\/p>\n<hr>\n<h3>Barcamp Flensburg<\/h3>\n<p>W\u00e4hrend dieser lokalen Veranstaltung in Flensburg nehmen mehr als 150 Teilnehmer an mehr als 30 offenen Themensitzungen teil, um ihr Know-how zu vermitteln oder zu erweitern. Die Themen der Veranstaltung sind vielf\u00e4ltig, der fachliche Austausch intensiv und es bietet unz\u00e4hlige M\u00f6glichkeiten zum Netzwerken.<\/p>\n<p><strong>Barcamp. <\/strong>Ist eine \u201e(No-)Conference\u201c, also eine offene Session, die die M\u00f6glichkeit bieten soll, ein oder mehrere Themen in lockerer und nat\u00fcrlicher Umgebung zu diskutieren.<\/p>\n<p><strong>Sitzung. <\/strong>Das Herzst\u00fcck eines Barcamps sind seine Diskussionsrunden mit einer Dauer von etwa 45 Minuten. Normalerweise leitet ein Sitzungsmoderator die Sitzung ein, indem er die Diskussion \u00fcber ein bestimmtes Thema anregt.<\/p>\n<p><strong>Sitzung planen. <\/strong>Die Tagesordnung wird erst am Konferenztag erstellt, direkt nachdem die Teilnehmer ihre Themen vorgeschlagen und einige davon zu Sitzungsthemen gew\u00e4hlt wurden.<\/p>\n<p><strong>Hashtag (#). <\/strong>Die gesamte Veranstaltung kann \u00fcber Twitter mit dem Hashtag verfolgt werden:<strong><a href=\"https:\/\/twitter.com\/search?q=%23bcfl20&amp;src=typed_query\" target=\"_blank\" rel=\"noopener noreferrer\">#bcfl20<\/a><\/strong><\/p>\n<\/div>\n\t\t\t\t\t\t\t<\/div>\n\t\t<\/div>\n\t\t\t\t\t\t<\/div>\n\t\t\t\t<\/div>\n\t\t\t\t\t<\/div>\n\t\t<\/div>\n\t\t\t\t\t<\/div>\n\t\t<\/section>\n\t\t\t\t<\/div>\n\t\t","protected":false},"excerpt":{"rendered":"<p>Unser Team Bei der 2wcom Systems GmbH Ihr Partner f\u00fcr professionelle Broadcast-Produkte Mit mehr als 20 Jahren Erfolgsgeschichte ist 2wcom ein etablierter weltweiter Hersteller und Anbieter von professionellen Broadcast-Produkten in den Bereichen Audio over IP, FM, RDS, DAB, DAB+, DVB-S, DVB-S2. Wir bieten komplette DVB-S\/S2 Audio-\/IP-Satellitensysteml\u00f6sungen \u2013 einschlie\u00dflich professioneller Encoder, Modulatoren und einer \u00e4u\u00dferst zuverl\u00e4ssigen [&hellip;]<\/p>\n","protected":false},"author":23,"featured_media":8489,"parent":0,"menu_order":30,"comment_status":"closed","ping_status":"closed","template":"elementor_header_footer","meta":{"_acf_changed":false,"content-type":"","footnotes":""},"class_list":["post-8488","page","type-page","status-publish","has-post-thumbnail","hentry"],"acf":[],"_links":{"self":[{"href":"https:\/\/www.2wcom.com\/de\/wp-json\/wp\/v2\/pages\/8488","targetHints":{"allow":["GET"]}}],"collection":[{"href":"https:\/\/www.2wcom.com\/de\/wp-json\/wp\/v2\/pages"}],"about":[{"href":"https:\/\/www.2wcom.com\/de\/wp-json\/wp\/v2\/types\/page"}],"author":[{"embeddable":true,"href":"https:\/\/www.2wcom.com\/de\/wp-json\/wp\/v2\/users\/23"}],"replies":[{"embeddable":true,"href":"https:\/\/www.2wcom.com\/de\/wp-json\/wp\/v2\/comments?post=8488"}],"version-history":[{"count":8,"href":"https:\/\/www.2wcom.com\/de\/wp-json\/wp\/v2\/pages\/8488\/revisions"}],"predecessor-version":[{"id":11857,"href":"https:\/\/www.2wcom.com\/de\/wp-json\/wp\/v2\/pages\/8488\/revisions\/11857"}],"wp:featuredmedia":[{"embeddable":true,"href":"https:\/\/www.2wcom.com\/de\/wp-json\/wp\/v2\/media\/8489"}],"wp:attachment":[{"href":"https:\/\/www.2wcom.com\/de\/wp-json\/wp\/v2\/media?parent=8488"}],"curies":[{"name":"wp","href":"https:\/\/api.w.org\/{rel}","templated":true}]}}