{"id":11947,"date":"2023-10-03T23:42:14","date_gmt":"2023-10-03T21:42:14","guid":{"rendered":"https:\/\/www.2wcom.com\/dab-audio-encoder\/"},"modified":"2024-08-29T10:40:37","modified_gmt":"2024-08-29T08:40:37","slug":"dab-audio-encoder","status":"publish","type":"page","link":"https:\/\/www.2wcom.com\/de\/dab-audio-encoder\/","title":{"rendered":"DAB+ Audio Encoder"},"content":{"rendered":"\t\t<div data-elementor-type=\"wp-page\" data-elementor-id=\"11947\" class=\"elementor elementor-11947 elementor-11061\" data-elementor-settings=\"{&quot;ha_cmc_init_switcher&quot;:&quot;no&quot;}\" data-elementor-post-type=\"page\">\n\t\t\t\t\t\t<section class=\"elementor-section elementor-top-section elementor-element elementor-element-68cafae elementor-section-height-min-height elementor-section-boxed elementor-section-height-default elementor-section-items-middle\" data-id=\"68cafae\" data-element_type=\"section\" data-e-type=\"section\" data-settings=\"{&quot;background_background&quot;:&quot;classic&quot;,&quot;_ha_eqh_enable&quot;:false}\">\n\t\t\t\t\t\t<div class=\"elementor-container elementor-column-gap-default\">\n\t\t\t\t\t<div class=\"elementor-column elementor-col-50 elementor-top-column elementor-element elementor-element-44c4f30\" data-id=\"44c4f30\" data-element_type=\"column\" data-e-type=\"column\">\n\t\t\t<div class=\"elementor-widget-wrap elementor-element-populated\">\n\t\t\t\t\t\t<div class=\"elementor-element elementor-element-d55211f elementor-widget elementor-widget-heading\" data-id=\"d55211f\" data-element_type=\"widget\" data-e-type=\"widget\" data-widget_type=\"heading.default\">\n\t\t\t\t<div class=\"elementor-widget-container\">\n\t\t\t\t\t<h1 class=\"elementor-heading-title elementor-size-default\">DAB+ Audio Encoder<\/h1>\t\t\t\t<\/div>\n\t\t\t\t<\/div>\n\t\t\t\t<div class=\"elementor-element elementor-element-ea7300f elementor-widget-divider--view-line elementor-widget elementor-widget-divider\" data-id=\"ea7300f\" data-element_type=\"widget\" data-e-type=\"widget\" data-widget_type=\"divider.default\">\n\t\t\t\t<div class=\"elementor-widget-container\">\n\t\t\t\t\t\t\t<div class=\"elementor-divider\">\n\t\t\t<span class=\"elementor-divider-separator\">\n\t\t\t\t\t\t<\/span>\n\t\t<\/div>\n\t\t\t\t\t\t<\/div>\n\t\t\t\t<\/div>\n\t\t\t\t<div class=\"elementor-element elementor-element-f205e19 elementor-widget elementor-widget-heading\" data-id=\"f205e19\" data-element_type=\"widget\" data-e-type=\"widget\" data-widget_type=\"heading.default\">\n\t\t\t\t<div class=\"elementor-widget-container\">\n\t\t\t\t\t<h2 class=\"elementor-heading-title elementor-size-default\">Hardware \/ Software<\/h2>\t\t\t\t<\/div>\n\t\t\t\t<\/div>\n\t\t\t\t<div class=\"elementor-element elementor-element-1e8f8e0 elementor-widget-divider--view-line elementor-widget elementor-widget-divider\" data-id=\"1e8f8e0\" data-element_type=\"widget\" data-e-type=\"widget\" data-widget_type=\"divider.default\">\n\t\t\t\t<div class=\"elementor-widget-container\">\n\t\t\t\t\t\t\t<div class=\"elementor-divider\">\n\t\t\t<span class=\"elementor-divider-separator\">\n\t\t\t\t\t\t<\/span>\n\t\t<\/div>\n\t\t\t\t\t\t<\/div>\n\t\t\t\t<\/div>\n\t\t\t\t<div class=\"elementor-element elementor-element-6d0e510 elementor-widget elementor-widget-heading\" data-id=\"6d0e510\" data-element_type=\"widget\" data-e-type=\"widget\" data-widget_type=\"heading.default\">\n\t\t\t\t<div class=\"elementor-widget-container\">\n\t\t\t\t\t<h2 class=\"elementor-heading-title elementor-size-default\">DAB+ Audio Encoder<\/h2>\t\t\t\t<\/div>\n\t\t\t\t<\/div>\n\t\t\t\t<div class=\"elementor-element elementor-element-788cb21 elementor-widget-divider--view-line elementor-widget elementor-widget-divider\" data-id=\"788cb21\" data-element_type=\"widget\" data-e-type=\"widget\" data-widget_type=\"divider.default\">\n\t\t\t\t<div class=\"elementor-widget-container\">\n\t\t\t\t\t\t\t<div class=\"elementor-divider\">\n\t\t\t<span class=\"elementor-divider-separator\">\n\t\t\t\t\t\t<\/span>\n\t\t<\/div>\n\t\t\t\t\t\t<\/div>\n\t\t\t\t<\/div>\n\t\t\t\t\t<\/div>\n\t\t<\/div>\n\t\t\t\t<div class=\"elementor-column elementor-col-50 elementor-top-column elementor-element elementor-element-93d9d10\" data-id=\"93d9d10\" data-element_type=\"column\" data-e-type=\"column\">\n\t\t\t<div class=\"elementor-widget-wrap elementor-element-populated\">\n\t\t\t\t\t\t<div class=\"elementor-element elementor-element-55f9c702 elementor-widget elementor-widget-image\" data-id=\"55f9c702\" data-element_type=\"widget\" data-e-type=\"widget\" data-widget_type=\"image.default\">\n\t\t\t\t<div class=\"elementor-widget-container\">\n\t\t\t\t\t\t\t\t\t\t\t\t\t\t\t<img fetchpriority=\"high\" decoding=\"async\" width=\"1090\" height=\"1536\" src=\"https:\/\/www.2wcom.com\/wp-content\/uploads\/DAB-solution-1090x1536.png\" class=\"attachment-1536x1536 size-1536x1536 wp-image-8706\" alt=\"DAB-solution solved\" srcset=\"https:\/\/www.2wcom.com\/wp-content\/uploads\/DAB-solution-1090x1536.png 1090w, https:\/\/www.2wcom.com\/wp-content\/uploads\/DAB-solution-213x300.png 213w, https:\/\/www.2wcom.com\/wp-content\/uploads\/DAB-solution-726x1024.png 726w, https:\/\/www.2wcom.com\/wp-content\/uploads\/DAB-solution-768x1083.png 768w, https:\/\/www.2wcom.com\/wp-content\/uploads\/DAB-solution.png 1240w\" sizes=\"(max-width: 1090px) 100vw, 1090px\" \/>\t\t\t\t\t\t\t\t\t\t\t\t\t\t\t<\/div>\n\t\t\t\t<\/div>\n\t\t\t\t\t<\/div>\n\t\t<\/div>\n\t\t\t\t\t<\/div>\n\t\t<\/section>\n\t\t\t\t<section class=\"elementor-section elementor-top-section elementor-element elementor-element-263c3ee6 elementor-section-boxed elementor-section-height-default elementor-section-height-default\" data-id=\"263c3ee6\" data-element_type=\"section\" data-e-type=\"section\" id=\"overview\" data-settings=\"{&quot;background_background&quot;:&quot;classic&quot;,&quot;_ha_eqh_enable&quot;:false}\">\n\t\t\t\t\t\t<div class=\"elementor-container elementor-column-gap-default\">\n\t\t\t\t\t<div class=\"elementor-column elementor-col-50 elementor-top-column elementor-element elementor-element-53971861\" data-id=\"53971861\" data-element_type=\"column\" data-e-type=\"column\">\n\t\t\t<div class=\"elementor-widget-wrap elementor-element-populated\">\n\t\t\t\t\t\t<div class=\"elementor-element elementor-element-5660ad6 elementor-widget elementor-widget-heading\" data-id=\"5660ad6\" data-element_type=\"widget\" data-e-type=\"widget\" data-widget_type=\"heading.default\">\n\t\t\t\t<div class=\"elementor-widget-container\">\n\t\t\t\t\t<h2 class=\"elementor-heading-title elementor-size-default\">Crystal Clear Broadcasting freischalten<\/h2>\t\t\t\t<\/div>\n\t\t\t\t<\/div>\n\t\t\t\t<div class=\"elementor-element elementor-element-8edae36 elementor-widget elementor-widget-text-editor\" data-id=\"8edae36\" data-element_type=\"widget\" data-e-type=\"widget\" data-widget_type=\"text-editor.default\">\n\t\t\t\t<div class=\"elementor-widget-container\">\n\t\t\t\t\t\t\t\t\t<p>Der DAB+ Audio Encoder unterst\u00fctzt die Erzeugung eines DAB+ Subkanals, der an den Multiplexer in einer DAB-Kopfstelle verteilt wird.<\/p>\n<p>Abh\u00e4ngig von den Anforderungen und der Infrastruktur des Betreibers kann es sowohl f\u00fcr 2wcom-Hardwareplattformen als auch f\u00fcr die MoIN-Softwarel\u00f6sung lizenziert werden.<\/p>\t\t\t\t\t\t\t\t<\/div>\n\t\t\t\t<\/div>\n\t\t\t\t<div class=\"elementor-element elementor-element-cf3621e elementor-hidden-desktop elementor-widget elementor-widget-image\" data-id=\"cf3621e\" data-element_type=\"widget\" data-e-type=\"widget\" data-widget_type=\"image.default\">\n\t\t\t\t<div class=\"elementor-widget-container\">\n\t\t\t\t\t\t\t\t\t\t\t\t\t\t\t\t<a href=\"https:\/\/www.2wcom.com\/wp-content\/uploads\/DAB-Audio-Encoder-Use-Cases.jpg\" data-elementor-open-lightbox=\"yes\" data-elementor-lightbox-description=\"DAB+ Audio Encoder Use Cases\" data-e-action-hash=\"#elementor-action%3Aaction%3Dlightbox%26settings%3DeyJpZCI6MTEwNzAsInVybCI6Imh0dHBzOlwvXC93d3cuMndjb20uY29tXC93cC1jb250ZW50XC91cGxvYWRzXC9EQUItQXVkaW8tRW5jb2Rlci1Vc2UtQ2FzZXMuanBnIn0%3D\">\n\t\t\t\t\t\t\t<img decoding=\"async\" width=\"800\" height=\"351\" src=\"https:\/\/www.2wcom.com\/wp-content\/uploads\/DAB-Audio-Encoder-Use-Cases.jpg\" class=\"elementor-animation-grow attachment-large size-large wp-image-11070\" alt=\"DAB+ Audio Encoder Use Cases\" srcset=\"https:\/\/www.2wcom.com\/wp-content\/uploads\/DAB-Audio-Encoder-Use-Cases.jpg 875w, https:\/\/www.2wcom.com\/wp-content\/uploads\/DAB-Audio-Encoder-Use-Cases-300x132.jpg 300w, https:\/\/www.2wcom.com\/wp-content\/uploads\/DAB-Audio-Encoder-Use-Cases-768x337.jpg 768w\" sizes=\"(max-width: 800px) 100vw, 800px\" \/>\t\t\t\t\t\t\t\t<\/a>\n\t\t\t\t\t\t\t\t\t\t\t\t\t\t\t<\/div>\n\t\t\t\t<\/div>\n\t\t\t\t\t<\/div>\n\t\t<\/div>\n\t\t\t\t<div class=\"elementor-column elementor-col-50 elementor-top-column elementor-element elementor-element-ebb55bb elementor-hidden-tablet elementor-hidden-mobile\" data-id=\"ebb55bb\" data-element_type=\"column\" data-e-type=\"column\">\n\t\t\t<div class=\"elementor-widget-wrap elementor-element-populated\">\n\t\t\t\t\t\t<div class=\"elementor-element elementor-element-da69ef4 elementor-hidden-tablet elementor-hidden-mobile elementor-widget elementor-widget-image\" data-id=\"da69ef4\" data-element_type=\"widget\" data-e-type=\"widget\" data-widget_type=\"image.default\">\n\t\t\t\t<div class=\"elementor-widget-container\">\n\t\t\t\t\t\t\t\t\t\t\t\t\t\t\t\t<a href=\"https:\/\/www.2wcom.com\/wp-content\/uploads\/DAB-Audio-Encoder-Use-Cases.jpg\" data-elementor-open-lightbox=\"yes\" data-elementor-lightbox-description=\"DAB+ Audio Encoder Use Cases\" data-e-action-hash=\"#elementor-action%3Aaction%3Dlightbox%26settings%3DeyJpZCI6MTEwNzAsInVybCI6Imh0dHBzOlwvXC93d3cuMndjb20uY29tXC93cC1jb250ZW50XC91cGxvYWRzXC9EQUItQXVkaW8tRW5jb2Rlci1Vc2UtQ2FzZXMuanBnIn0%3D\">\n\t\t\t\t\t\t\t<img decoding=\"async\" width=\"875\" height=\"384\" src=\"https:\/\/www.2wcom.com\/wp-content\/uploads\/DAB-Audio-Encoder-Use-Cases.jpg\" class=\"elementor-animation-grow attachment-full size-full wp-image-11070\" alt=\"DAB+ Audio Encoder Use Cases\" srcset=\"https:\/\/www.2wcom.com\/wp-content\/uploads\/DAB-Audio-Encoder-Use-Cases.jpg 875w, https:\/\/www.2wcom.com\/wp-content\/uploads\/DAB-Audio-Encoder-Use-Cases-300x132.jpg 300w, https:\/\/www.2wcom.com\/wp-content\/uploads\/DAB-Audio-Encoder-Use-Cases-768x337.jpg 768w\" sizes=\"(max-width: 875px) 100vw, 875px\" \/>\t\t\t\t\t\t\t\t<\/a>\n\t\t\t\t\t\t\t\t\t\t\t\t\t\t\t<\/div>\n\t\t\t\t<\/div>\n\t\t\t\t\t<\/div>\n\t\t<\/div>\n\t\t\t\t\t<\/div>\n\t\t<\/section>\n\t\t\t\t<section class=\"elementor-section elementor-top-section elementor-element elementor-element-2659cffc elementor-section-boxed elementor-section-height-default elementor-section-height-default\" data-id=\"2659cffc\" data-element_type=\"section\" data-e-type=\"section\" id=\"advantage\" data-settings=\"{&quot;background_background&quot;:&quot;classic&quot;,&quot;_ha_eqh_enable&quot;:false}\">\n\t\t\t\t\t\t<div class=\"elementor-container elementor-column-gap-default\">\n\t\t\t\t\t<div class=\"elementor-column elementor-col-100 elementor-top-column elementor-element elementor-element-389d983a\" data-id=\"389d983a\" data-element_type=\"column\" data-e-type=\"column\">\n\t\t\t<div class=\"elementor-widget-wrap elementor-element-populated\">\n\t\t\t\t\t\t<div class=\"elementor-element elementor-element-396b0141 elementor-widget elementor-widget-heading\" data-id=\"396b0141\" data-element_type=\"widget\" data-e-type=\"widget\" data-widget_type=\"heading.default\">\n\t\t\t\t<div class=\"elementor-widget-container\">\n\t\t\t\t\t<h2 class=\"elementor-heading-title elementor-size-default\">Spezifikationen<\/h2>\t\t\t\t<\/div>\n\t\t\t\t<\/div>\n\t\t\t\t<div class=\"elementor-element elementor-element-97643a6 elementor-widget elementor-widget-text-editor\" data-id=\"97643a6\" data-element_type=\"widget\" data-e-type=\"widget\" data-widget_type=\"text-editor.default\">\n\t\t\t\t<div class=\"elementor-widget-container\">\n\t\t\t\t\t\t\t\t\t<h3>Use-cases<\/h3>\n<ul>\n<li>Fernkodierung von DAB+ im Radiostudio<\/li>\n<li>Zentrale DAB+-Kodierung mit hoher Dichte an der Kopfstelle<\/li>\n<li>Softwarebasierte DAB+ Kodierung<\/li>\n<li>DAB+ Re-Broadcast-Anwendungen <\/li>\n<\/ul>\n<p> <\/p>\n<h3>Features<\/h3>\n<ul>\n<li>Bew\u00e4hrter FRAUNHOFER Professional DAB+ Codec<\/li>\n<li>EDI\/STI-D oder FhG MuxEnc (optional) zu DAB-Multiplexer<\/li>\n<li>Lokale Einf\u00fcgung von PAD (DLS, SLS), TA, PTy<\/li>\n<li>Sichere und stabile Verbindung zum FhG DAB ContentServer \u00fcber FhG MuxEnc &#8211; Konfiguration, PAD-Einblendung und \u00dcberwachung der entfernten Hardware-Encoder am Multiplexer m\u00f6glich <\/li>\n<\/ul>\n<p> <\/p>\n<h3>Vorteile<\/h3>\n<ul>\n<li>Reduzieren Sie den Platzbedarf im Rack und gewinnen Sie Flexibilit\u00e4t mit skalierbarer Mehrzweck-Hardware und -Software<\/li>\n<li>Integrierbar in jede Studioinfrastruktur mit analogem, digitalem oder AES67\/Livewire-Audio<\/li>\n<li>Verwenden Sie Audioeing\u00e4nge von AoIP, Webstream oder Satellit (DVB-S\/S2-Tuner optional in IP-4c) als Haupt- oder Backup-Quelle<\/li>\n<li>Mehrfachcodierung desselben Audiodienstes mit unterschiedlichen Parametern (erfordert separate DAB+-Encoderlizenz)<\/li>\n<li>Abdeckung mehrerer Verbreitungswege (DAB+, FM, Webstream) mit der gleichen Hardware- oder Softwareplattform<\/li>\n<li>Fehlersichere Geberkonfiguration und PAD-Import, gesteuert durch den Plattformbetreiber mit dem FhG MuxEnc-Protokoll (optional)<\/li>\n<li>Anschluss an jeden Multiplexer mit dem standardisierten STI-D\/DCP-Protokoll<\/li>\n<li>Synchroner Ausgangsstrom zum Multiplexer mit NTP- oder PTP-Taktquelle und w\u00e4hlbarer Abtastratenwandlung des Audioeingangs<\/li>\n<\/ul>\t\t\t\t\t\t\t\t<\/div>\n\t\t\t\t<\/div>\n\t\t\t\t\t<\/div>\n\t\t<\/div>\n\t\t\t\t\t<\/div>\n\t\t<\/section>\n\t\t<div class=\"elementor-element elementor-element-b16461e e-flex e-con-boxed e-con e-parent\" data-id=\"b16461e\" data-element_type=\"container\" data-e-type=\"container\" data-settings=\"{&quot;_ha_eqh_enable&quot;:false}\">\n\t\t\t\t\t<div class=\"e-con-inner\">\n\t\t\t\t<div class=\"elementor-element elementor-element-e439b5e elementor-widget elementor-widget-heading\" data-id=\"e439b5e\" data-element_type=\"widget\" data-e-type=\"widget\" data-widget_type=\"heading.default\">\n\t\t\t\t<div class=\"elementor-widget-container\">\n\t\t\t\t\t<h2 class=\"elementor-heading-title elementor-size-default\">DAB+ Audio-Encoder Produktpalette<\/h2>\t\t\t\t<\/div>\n\t\t\t\t<\/div>\n\t\t\t\t\t<\/div>\n\t\t\t\t<\/div>\n\t\t<div class=\"elementor-element elementor-element-1fc2136 e-flex e-con-boxed e-con e-parent\" data-id=\"1fc2136\" data-element_type=\"container\" data-e-type=\"container\" data-settings=\"{&quot;_ha_eqh_enable&quot;:false}\">\n\t\t\t\t\t<div class=\"e-con-inner\">\n\t\t\t\t<div class=\"elementor-element elementor-element-b183173 elementor-cta--layout-image-above elementor-widget__width-initial elementor-cta--skin-classic elementor-animated-content elementor-widget elementor-widget-call-to-action\" data-id=\"b183173\" data-element_type=\"widget\" data-e-type=\"widget\" data-widget_type=\"call-to-action.default\">\n\t\t\t\t<div class=\"elementor-widget-container\">\n\t\t\t\t\t\t\t<a class=\"elementor-cta\" href=\"https:\/\/www.2wcom.com\/products\/ip-8e\/\">\n\t\t\t\t\t<div class=\"elementor-cta__bg-wrapper\">\n\t\t\t\t<div class=\"elementor-cta__bg elementor-bg\" style=\"background-image: url(https:\/\/www.2wcom.com\/wp-content\/uploads\/ip-8e_eye.jpg);\" role=\"img\" aria-label=\"ip-8e_eye\"><\/div>\n\t\t\t\t<div class=\"elementor-cta__bg-overlay\"><\/div>\n\t\t\t<\/div>\n\t\t\t\t\t\t\t<div class=\"elementor-cta__content\">\n\t\t\t\t\n\t\t\t\t\t\t\t\t\t<h3 class=\"elementor-cta__title elementor-cta__content-item elementor-content-item\">\n\t\t\t\t\t\tIP-8e - Audio Encoder\t\t\t\t\t<\/h3>\n\t\t\t\t\n\t\t\t\t\t\t\t\t\t<div class=\"elementor-cta__description elementor-cta__content-item elementor-content-item\">\n\t\t\t\t\t\t<p>- DAB+-Codierung mit hoher Dichte f\u00fcr bis zu 8 Audiodienste<br \/>\n- Analoge, AES\/EBU oder AES67 (Ravenna, Livewire) Eing\u00e4nge<br \/>\n- Transkodierung von AoIP-Beitr\u00e4gen, TS over IP und Webstream<br \/>\n- Gemeinsame High-Density-Plattform f\u00fcr DAB+, AoIP-Verteilung und Webstream-Codierung<\/p>\n\t\t\t\t\t<\/div>\n\t\t\t\t\n\t\t\t\t\t\t\t<\/div>\n\t\t\t\t\t\t<\/a>\n\t\t\t\t\t\t<\/div>\n\t\t\t\t<\/div>\n\t\t\t\t<div class=\"elementor-element elementor-element-2412603 elementor-cta--layout-image-above elementor-widget__width-initial elementor-cta--skin-classic elementor-animated-content elementor-widget elementor-widget-call-to-action\" data-id=\"2412603\" data-element_type=\"widget\" data-e-type=\"widget\" data-widget_type=\"call-to-action.default\">\n\t\t\t\t<div class=\"elementor-widget-container\">\n\t\t\t\t\t\t\t<a class=\"elementor-cta\" href=\"https:\/\/www.2wcom.com\/products\/ip-4c\/\">\n\t\t\t\t\t<div class=\"elementor-cta__bg-wrapper\">\n\t\t\t\t<div class=\"elementor-cta__bg elementor-bg\" style=\"background-image: url(https:\/\/www.2wcom.com\/wp-content\/uploads\/ip-4c_eyetesttest.jpg);\" role=\"img\" aria-label=\"ip-4c_eye_freigestellt\"><\/div>\n\t\t\t\t<div class=\"elementor-cta__bg-overlay\"><\/div>\n\t\t\t<\/div>\n\t\t\t\t\t\t\t<div class=\"elementor-cta__content\">\n\t\t\t\t\n\t\t\t\t\t\t\t\t\t<h3 class=\"elementor-cta__title elementor-cta__content-item elementor-content-item\">\n\t\t\t\t\t\tIP-4c - Audio Codec\t\t\t\t\t<\/h3>\n\t\t\t\t\n\t\t\t\t\t\t\t\t\t<div class=\"elementor-cta__description elementor-cta__content-item elementor-content-item\">\n\t\t\t\t\t\t<p>- Flexible DAB+-Kodierung f\u00fcr bis zu 4 Audiodienste<br \/>\n- Analoge, AES\/EBU oder AES67 (Ravenna, Livewire) Eing\u00e4nge<br \/>\n- Transkodierung von AoIP-Beitr\u00e4gen, TS over IP und Webstreams<br \/>\n- Optionaler FM\/DAB- oder Satellitentuner f\u00fcr DAB-Rundfunkanwendungen<br \/>\n- Flexibles automatisches Umschaltkonzept, freie Definition von Backup-Quellen<\/p>\n\t\t\t\t\t<\/div>\n\t\t\t\t\n\t\t\t\t\t\t\t<\/div>\n\t\t\t\t\t\t<\/a>\n\t\t\t\t\t\t<\/div>\n\t\t\t\t<\/div>\n\t\t\t\t<div class=\"elementor-element elementor-element-0685192 elementor-cta--layout-image-above elementor-widget__width-initial elementor-cta--skin-classic elementor-animated-content elementor-widget elementor-widget-call-to-action\" data-id=\"0685192\" data-element_type=\"widget\" data-e-type=\"widget\" data-widget_type=\"call-to-action.default\">\n\t\t\t\t<div class=\"elementor-widget-container\">\n\t\t\t\t\t\t\t<a class=\"elementor-cta\" href=\"https:\/\/www.2wcom.com\/audio-over-ip-software-2\/?lang=de\">\n\t\t\t\t\t<div class=\"elementor-cta__bg-wrapper\">\n\t\t\t\t<div class=\"elementor-cta__bg elementor-bg\" style=\"background-image: url(https:\/\/www.2wcom.com\/wp-content\/uploads\/MoIN-Software-Logo-Eye.jpg);\" role=\"img\" aria-label=\"MoIN Software Logo Eye\"><\/div>\n\t\t\t\t<div class=\"elementor-cta__bg-overlay\"><\/div>\n\t\t\t<\/div>\n\t\t\t\t\t\t\t<div class=\"elementor-cta__content\">\n\t\t\t\t\n\t\t\t\t\t\t\t\t\t<h3 class=\"elementor-cta__title elementor-cta__content-item elementor-content-item\">\n\t\t\t\t\t\tMultimedia over IP Network\t\t\t\t\t<\/h3>\n\t\t\t\t\n\t\t\t\t\t\t\t\t\t<div class=\"elementor-cta__description elementor-cta__content-item elementor-content-item\">\n\t\t\t\t\t\t<p>- DAB+-Kodierung in einer skalierbaren IP-Infrastruktur<br \/>\n- AES67 (Ravenna, Livewire) Eing\u00e4nge<br \/>\n- Umkodierung von AoIP<br \/>\n- Gemeinsame IP-basierte Plattform f\u00fcr DAB+, AoIP-Beitrag\/Verteilung und Webstream-Codierung<\/p>\n\t\t\t\t\t<\/div>\n\t\t\t\t\n\t\t\t\t\t\t\t<\/div>\n\t\t\t\t\t\t\t<div class=\"elementor-ribbon\">\n\t\t\t\t<div class=\"elementor-ribbon-inner\">\n\t\t\t\t\tQ4 \/ 2023\t\t\t\t<\/div>\n\t\t\t<\/div>\n\t\t\t\t<\/a>\n\t\t\t\t\t\t<\/div>\n\t\t\t\t<\/div>\n\t\t\t\t<div class=\"elementor-element elementor-element-899b80d elementor-cta--layout-image-above elementor-widget__width-initial elementor-hidden-desktop elementor-hidden-tablet elementor-hidden-mobile elementor-cta--skin-classic elementor-animated-content elementor-widget elementor-widget-call-to-action\" data-id=\"899b80d\" data-element_type=\"widget\" data-e-type=\"widget\" data-widget_type=\"call-to-action.default\">\n\t\t\t\t<div class=\"elementor-widget-container\">\n\t\t\t\t\t\t\t<div class=\"elementor-cta\">\n\t\t\t\t\t<div class=\"elementor-cta__bg-wrapper\">\n\t\t\t\t<div class=\"elementor-cta__bg elementor-bg\" style=\"background-image: url(https:\/\/www.2wcom.com\/wp-content\/uploads\/DAB-1e-eyecatcher-1st.jpg);\" role=\"img\" aria-label=\"DAB-1e eyecatcher 1st\"><\/div>\n\t\t\t\t<div class=\"elementor-cta__bg-overlay\"><\/div>\n\t\t\t<\/div>\n\t\t\t\t\t\t\t<div class=\"elementor-cta__content\">\n\t\t\t\t\n\t\t\t\t\t\t\t\t\t<h3 class=\"elementor-cta__title elementor-cta__content-item elementor-content-item\">\n\t\t\t\t\t\tDAB-1e - DAB+ Encoder\t\t\t\t\t<\/h3>\n\t\t\t\t\n\t\t\t\t\t\t\t\t\t<div class=\"elementor-cta__description elementor-cta__content-item elementor-content-item\">\n\t\t\t\t\t\t<p>- Dedizierter DAB+-Encoder f\u00fcr 1 Audiodienst<br \/>\n- Analoge oder AES\/EBU-Eing\u00e4nge<br \/>\n- Kosteneffiziente Remote-DAB+-Codierung im Studio und Beitrag zu einer DAB-Kopfstelle<br \/>\n- Entwickelt f\u00fcr einfache Einrichtung und zuverl\u00e4ssigen Betrieb<\/p>\n\t\t\t\t\t<\/div>\n\t\t\t\t\n\t\t\t\t\t\t\t<\/div>\n\t\t\t\t\t\t\t<div class=\"elementor-ribbon elementor-ribbon-right\">\n\t\t\t\t<div class=\"elementor-ribbon-inner\">\n\t\t\t\t\tQ4 \/ 2023\t\t\t\t<\/div>\n\t\t\t<\/div>\n\t\t\t\t<\/div>\n\t\t\t\t\t\t<\/div>\n\t\t\t\t<\/div>\n\t\t\t\t\t<\/div>\n\t\t\t\t<\/div>\n\t\t\t\t<section class=\"elementor-section elementor-top-section elementor-element elementor-element-e235dae elementor-section-boxed elementor-section-height-default elementor-section-height-default\" data-id=\"e235dae\" data-element_type=\"section\" data-e-type=\"section\" id=\"version\" data-settings=\"{&quot;background_background&quot;:&quot;classic&quot;,&quot;_ha_eqh_enable&quot;:false}\">\n\t\t\t\t\t\t<div class=\"elementor-container elementor-column-gap-default\">\n\t\t\t\t\t<div class=\"elementor-column elementor-col-100 elementor-top-column elementor-element elementor-element-22085737\" data-id=\"22085737\" data-element_type=\"column\" data-e-type=\"column\">\n\t\t\t<div class=\"elementor-widget-wrap elementor-element-populated\">\n\t\t\t\t\t\t<div class=\"elementor-element elementor-element-967152b elementor-widget elementor-widget-heading\" data-id=\"967152b\" data-element_type=\"widget\" data-e-type=\"widget\" data-widget_type=\"heading.default\">\n\t\t\t\t<div class=\"elementor-widget-container\">\n\t\t\t\t\t<h2 class=\"elementor-heading-title elementor-size-default\">Download<\/h2>\t\t\t\t<\/div>\n\t\t\t\t<\/div>\n\t\t\t\t<div class=\"elementor-element elementor-element-2104df5 elementor-widget elementor-widget-text-editor\" data-id=\"2104df5\" data-element_type=\"widget\" data-e-type=\"widget\" data-widget_type=\"text-editor.default\">\n\t\t\t\t<div class=\"elementor-widget-container\">\n\t\t\t\t\t\t\t\t\t<p>Sie k\u00f6nnen die Appnote mit detaillierten Informationen \u00fcber den DAB+ Audio Encoder hier herunterladen:<\/p>\n\t\t\t\t\t\t\t\t<\/div>\n\t\t\t\t<\/div>\n\t\t\t\t<div class=\"elementor-element elementor-element-2128762 elementor-mobile-align-center elementor-widget elementor-widget-button\" data-id=\"2128762\" data-element_type=\"widget\" data-e-type=\"widget\" data-widget_type=\"button.default\">\n\t\t\t\t<div class=\"elementor-widget-container\">\n\t\t\t\t\t\t\t\t\t<div class=\"elementor-button-wrapper\">\n\t\t\t\t\t<a class=\"elementor-button elementor-button-link elementor-size-sm\" href=\"https:\/\/www.2wcom.com\/wp-content\/uploads\/Appnote_DAB_Audio_Encoder_Datasheet.pdf\" target=\"_blank\">\n\t\t\t\t\t\t<span class=\"elementor-button-content-wrapper\">\n\t\t\t\t\t\t\t\t\t<span class=\"elementor-button-text\">Download Appnote<\/span>\n\t\t\t\t\t<\/span>\n\t\t\t\t\t<\/a>\n\t\t\t\t<\/div>\n\t\t\t\t\t\t\t\t<\/div>\n\t\t\t\t<\/div>\n\t\t\t\t\t<\/div>\n\t\t<\/div>\n\t\t\t\t\t<\/div>\n\t\t<\/section>\n\t\t\t\t<\/div>\n\t\t","protected":false},"excerpt":{"rendered":"<p>DAB+ Audio Encoder Hardware \/ Software DAB+ Audio Encoder Crystal Clear Broadcasting freischalten Der DAB+ Audio Encoder unterst\u00fctzt die Erzeugung eines DAB+ Subkanals, der an den Multiplexer in einer DAB-Kopfstelle verteilt wird. Abh\u00e4ngig von den Anforderungen und der Infrastruktur des Betreibers kann es sowohl f\u00fcr 2wcom-Hardwareplattformen als auch f\u00fcr die MoIN-Softwarel\u00f6sung lizenziert werden. Spezifikationen Use-cases [&hellip;]<\/p>\n","protected":false},"author":23,"featured_media":0,"parent":0,"menu_order":70,"comment_status":"closed","ping_status":"closed","template":"elementor_header_footer","meta":{"_acf_changed":false,"content-type":"","footnotes":""},"class_list":["post-11947","page","type-page","status-publish","hentry"],"acf":[],"_links":{"self":[{"href":"https:\/\/www.2wcom.com\/de\/wp-json\/wp\/v2\/pages\/11947","targetHints":{"allow":["GET"]}}],"collection":[{"href":"https:\/\/www.2wcom.com\/de\/wp-json\/wp\/v2\/pages"}],"about":[{"href":"https:\/\/www.2wcom.com\/de\/wp-json\/wp\/v2\/types\/page"}],"author":[{"embeddable":true,"href":"https:\/\/www.2wcom.com\/de\/wp-json\/wp\/v2\/users\/23"}],"replies":[{"embeddable":true,"href":"https:\/\/www.2wcom.com\/de\/wp-json\/wp\/v2\/comments?post=11947"}],"version-history":[{"count":6,"href":"https:\/\/www.2wcom.com\/de\/wp-json\/wp\/v2\/pages\/11947\/revisions"}],"predecessor-version":[{"id":13405,"href":"https:\/\/www.2wcom.com\/de\/wp-json\/wp\/v2\/pages\/11947\/revisions\/13405"}],"wp:attachment":[{"href":"https:\/\/www.2wcom.com\/de\/wp-json\/wp\/v2\/media?parent=11947"}],"curies":[{"name":"wp","href":"https:\/\/api.w.org\/{rel}","templated":true}]}}